{"id":1132048,"date":"2021-04-04T03:18:17","date_gmt":"2021-04-04T07:18:17","guid":{"rendered":"https:\/\/newsite.stepstojustice.ca\/?page_id=1132048"},"modified":"2021-04-04T06:12:41","modified_gmt":"2021-04-04T10:12:41","slug":"contactez-nous","status":"publish","type":"page","link":"https:\/\/newsite.stepstojustice.ca\/fr\/contactez-nous\/","title":{"rendered":"Contactez-nous"},"content":{"rendered":"<div class=\"contact-grid\">\n<div class=\"col\">\n<div class=\"info-box view2\">\n<p>Si vous avez besoin d\u2019aide imm\u00e9diatement, composez le 2-1-1. Ce num\u00e9ro correspond \u00e0 une ligne t\u00e9l\u00e9phonique et \u00e0 un site Web, o\u00f9 vous trouverez, en tout temps, de l\u2019information gratuite et confidentielle ainsi que les coordonn\u00e9es des services sociaux et communautaires en Ontario.<\/p>\n<\/div>\n<p>Faites-nous part de vos commentaires et de vos questions sur notre site. Comme nous ne pouvons pas donner de conseils juridiques, si vous avez des questions sur un probl\u00e8me juridique particulier, composez le 2-1-1 ou adressez-vous \u00e0 un avocat ou \u00e0 une clinique juridique communautaire.<\/p>\n<div class=\"location-box\">\n            <svg aria-hidden=\"true\" width=\"24\" height=\"24\" viewBox=\"0 0 24 24\" fill=\"none\" xmlns=\"http:\/\/www.w3.org\/2000\/svg\">\n                <path d=\"M12 14C14.206 14 16 12.206 16 10C16 7.794 14.206 6 12 6C9.794 6 8 7.794 8 10C8 12.206 9.794 14 12 14ZM12 8C13.103 8 14 8.897 14 10C14 11.103 13.103 12 12 12C10.897 12 10 11.103 10 10C10 8.897 10.897 8 12 8Z\" fill=\"#39477B\"\/>\n                <path d=\"M11.4201 21.814C11.5893 21.9349 11.7921 21.9998 12.0001 21.9998C12.2081 21.9998 12.4108 21.9349 12.5801 21.814C12.8841 21.599 20.0291 16.44 20.0001 10C20.0001 5.589 16.4111 2 12.0001 2C7.58909 2 4.00009 5.589 4.00009 9.995C3.97109 16.44 11.1161 21.599 11.4201 21.814ZM12.0001 4C15.3091 4 18.0001 6.691 18.0001 10.005C18.0211 14.443 13.6121 18.428 12.0001 19.735C10.3891 18.427 5.97909 14.441 6.00009 10C6.00009 6.691 8.69109 4 12.0001 4Z\" fill=\"#39477B\"\/>\n            <\/svg>    <\/p>\n<p><a href=\"https:\/\/www.cleo.on.ca\/fr\/\" target=\"_blank\" rel=\"noopener\">CLEO<\/a> (Community Legal Education Ontario\/\u00c9ducation juridique communautaire Ontario)<br \/>180, rue Dundas Ouest, Bureau 506<br \/>Toronto, Ontario M5G 1Z8<\/p>\n<\/p><\/div>\n<div class=\"phone-box\">\n            <svg aria-hidden=\"true\" width=\"24\" height=\"24\" viewBox=\"0 0 24 24\" fill=\"none\" xmlns=\"http:\/\/www.w3.org\/2000\/svg\">\n                <path d=\"M17.7068 12.293C17.6141 12.2001 17.5039 12.1263 17.3825 12.076C17.2612 12.0257 17.1312 11.9998 16.9998 11.9998C16.8685 11.9998 16.7385 12.0257 16.6172 12.076C16.4958 12.1263 16.3856 12.2001 16.2928 12.293L14.6988 13.887C13.9598 13.667 12.5808 13.167 11.7068 12.293C10.8328 11.419 10.3328 10.04 10.1128 9.301L11.7068 7.707C11.7998 7.61421 11.8735 7.50401 11.9238 7.3827C11.9742 7.26138 12 7.13134 12 7C12 6.86867 11.9742 6.73862 11.9238 6.61731C11.8735 6.49599 11.7998 6.38579 11.7068 6.293L7.70685 2.293C7.61406 2.20006 7.50385 2.12632 7.38254 2.07601C7.26122 2.0257 7.13118 1.9998 6.99985 1.9998C6.86851 1.9998 6.73847 2.0257 6.61715 2.07601C6.49584 2.12632 6.38563 2.20006 6.29285 2.293L3.58085 5.005C3.20085 5.385 2.98685 5.907 2.99485 6.44C3.01785 7.864 3.39485 12.81 7.29285 16.708C11.1908 20.606 16.1368 20.982 17.5618 21.006H17.5898C18.1178 21.006 18.6168 20.798 18.9948 20.42L21.7068 17.708C21.7998 17.6152 21.8735 17.505 21.9238 17.3837C21.9741 17.2624 22 17.1323 22 17.001C22 16.8697 21.9741 16.7396 21.9238 16.6183C21.8735 16.497 21.7998 16.3868 21.7068 16.294L17.7068 12.293ZM17.5798 19.005C16.3318 18.984 12.0618 18.649 8.70685 15.293C5.34085 11.927 5.01485 7.642 4.99485 6.419L6.99985 4.414L9.58585 7L8.29285 8.293C8.17531 8.41045 8.08889 8.55534 8.0414 8.71457C7.99391 8.8738 7.98684 9.04236 8.02085 9.205C8.04485 9.32 8.63185 12.047 10.2918 13.707C11.9518 15.367 14.6788 15.954 14.7938 15.978C14.9564 16.013 15.1251 16.0065 15.2845 15.9591C15.4439 15.9117 15.5888 15.8251 15.7058 15.707L16.9998 14.414L19.5858 17L17.5798 19.005Z\" fill=\"#39477B\"\/>\n            <\/svg><br \/>\n            <a href=\"https:\/\/www.cleo.on.ca\/fr\/contactez-nous\" target=\"_blank\" rel=\"noopener\">Communiquez avec CLEO<\/a>\n        <\/div>\n<\/p><\/div>\n<div class=\"col\">\n        <div class=\"wpforms-container wpforms-container-full form\" id=\"wpforms-1132062\"><form id=\"wpforms-form-1132062\" class=\"wpforms-validate wpforms-form\" data-formid=\"1132062\" method=\"post\" enctype=\"multipart\/form-data\" action=\"\/fr\/wp-json\/wp\/v2\/pages\/1132048\" data-token=\"a51c55e30dc566a9d861ca61734ef78d\"><noscript class=\"wpforms-error-noscript\">Veuillez activer JavaScript dans votre navigateur pour remplir ce formulaire.<\/noscript><div class=\"wpforms-field-container\"><div id=\"wpforms-1132062-field_0-container\" class=\"wpforms-field wpforms-field-name\" data-field-id=\"0\"><label class=\"wpforms-field-label\" for=\"wpforms-1132062-field_0\">Nom <span class=\"wpforms-required-label\">*<\/span><\/label><input type=\"text\" id=\"wpforms-1132062-field_0\" class=\"wpforms-field-large wpforms-field-required\" name=\"wpforms[fields][0]\" required><\/div><div id=\"wpforms-1132062-field_1-container\" class=\"wpforms-field wpforms-field-email\" data-field-id=\"1\"><label class=\"wpforms-field-label\" for=\"wpforms-1132062-field_1\">Adresse courriel <span class=\"wpforms-required-label\">*<\/span><\/label><input type=\"email\" id=\"wpforms-1132062-field_1\" class=\"wpforms-field-large wpforms-field-required\" name=\"wpforms[fields][1]\" required><\/div><div id=\"wpforms-1132062-field_3-container\" class=\"wpforms-field wpforms-field-text\" data-field-id=\"3\"><label class=\"wpforms-field-label\" for=\"wpforms-1132062-field_3\">Ville<\/label><input type=\"text\" id=\"wpforms-1132062-field_3\" class=\"wpforms-field-large\" name=\"wpforms[fields][3]\" ><\/div><div id=\"wpforms-1132062-field_2-container\" class=\"wpforms-field wpforms-field-textarea\" data-field-id=\"2\"><label class=\"wpforms-field-label\" for=\"wpforms-1132062-field_2\">Commentaire ou message<\/label><textarea id=\"wpforms-1132062-field_2\" class=\"wpforms-field-medium\" name=\"wpforms[fields][2]\" placeholder=\"Seules les questions g\u00e9n\u00e9rales seront accept\u00e9es. N\u2019envoyez pas de questions sur votre situation personnelle.\" ><\/textarea><\/div><div id=\"wpforms-1132062-field_4-container\" class=\"wpforms-field wpforms-field-checkbox\" data-field-id=\"4\"><label class=\"wpforms-field-label wpforms-label-hide\" for=\"wpforms-1132062-field_4\">Follow up via email?<\/label><ul id=\"wpforms-1132062-field_4\"><li class=\"choice-1 depth-1\"><input type=\"checkbox\" id=\"wpforms-1132062-field_4_1\" name=\"wpforms[fields][4][]\" value=\"J\u2019aimerais qu\u2019on me r\u00e9ponde par courriel.\"  ><label class=\"wpforms-field-label-inline\" for=\"wpforms-1132062-field_4_1\">J\u2019aimerais qu\u2019on me r\u00e9ponde par courriel.<\/label><\/li><\/ul><\/div><\/div><input type=\"hidden\" name=\"wpforms[recaptcha]\" value=\"\"><div class=\"wpforms-submit-container\"><input type=\"hidden\" name=\"wpforms[id]\" value=\"1132062\"><input type=\"hidden\" name=\"wpforms[author]\" value=\"2\"><button type=\"submit\" name=\"wpforms[submit]\" id=\"wpforms-submit-1132062\" class=\"wpforms-submit\" data-alt-text=\"Sending...\" data-submit-text=\"Soumettre\" aria-live=\"assertive\" value=\"wpforms-submit\">Soumettre<\/button><\/div><\/form><\/div>  <!-- .wpforms-container --><\/p>\n<p><small>En soumettant ce formulaire, vous acceptez la <a href=\"\/fr\/d\u00e9claration-de-confidentialit\u00e9\/\">politique de confidentialit\u00e9<\/a><\/small><\/p>\n<\/p><\/div>\n<\/div>\n","protected":false},"excerpt":{"rendered":"<p>Si vous avez besoin d\u2019aide imm\u00e9diatement, composez le 2-1-1. Ce num\u00e9ro correspond \u00e0 une ligne t\u00e9l\u00e9phonique et \u00e0 un site Web, o\u00f9 vous trouverez, en tout temps, de l\u2019information gratuite et confidentielle ainsi que les coordonn\u00e9es des services sociaux et communautaires en Ontario.<\/p>\n<p>Faites-nous part de vos commentaires et de vos questions sur notre site.<\/p>\n","protected":false},"author":2,"featured_media":0,"parent":0,"menu_order":0,"comment_status":"closed","ping_status":"closed","template":"","meta":{"inline_featured_image":false},"yoast_head":"<!-- This site is optimized with the Yoast SEO plugin v19.14 - https:\/\/yoast.com\/wordpress\/plugins\/seo\/ -->\n<title>Contactez-nous - Steps to justice<\/title>\n<meta name=\"description\" content=\"Si vous avez besoin d\u2019aide imm\u00e9diatement, composez le 2-1-1. Ce num\u00e9ro correspond \u00e0 une ligne t\u00e9l\u00e9phonique et \u00e0 un site Web, o\u00f9 vous trouverez, en tout\" \/>\n<meta name=\"robots\" content=\"noindex, follow, max-snippet:-1, max-image-preview:large, max-video-preview:-1\" \/>\n<meta property=\"og:locale\" content=\"fr_FR\" \/>\n<meta property=\"og:type\" content=\"article\" \/>\n<meta property=\"og:title\" content=\"Contactez-nous - Steps to justice\" \/>\n<meta property=\"og:description\" content=\"Si vous avez besoin d\u2019aide imm\u00e9diatement, composez le 2-1-1. Ce num\u00e9ro correspond \u00e0 une ligne t\u00e9l\u00e9phonique et \u00e0 un site Web, o\u00f9 vous trouverez, en tout\" \/>\n<meta property=\"og:url\" content=\"https:\/\/newsite.stepstojustice.ca\/fr\/contactez-nous\/\" \/>\n<meta property=\"og:site_name\" content=\"Steps to justice\" \/>\n<meta property=\"article:modified_time\" content=\"2021-04-04T10:12:41+00:00\" \/>\n<meta name=\"twitter:card\" content=\"summary_large_image\" \/>\n<meta name=\"twitter:label1\" content=\"Dur\u00e9e de lecture estim\u00e9e\" \/>\n\t<meta name=\"twitter:data1\" content=\"1 minute\" \/>\n<script type=\"application\/ld+json\" class=\"yoast-schema-graph\">{\"@context\":\"https:\/\/schema.org\",\"@graph\":[{\"@type\":\"WebPage\",\"@id\":\"https:\/\/newsite.stepstojustice.ca\/fr\/contactez-nous\/\",\"url\":\"https:\/\/newsite.stepstojustice.ca\/fr\/contactez-nous\/\",\"name\":\"Contactez-nous - Steps to justice\",\"isPartOf\":{\"@id\":\"https:\/\/newsite.stepstojustice.ca\/fr\/#website\"},\"datePublished\":\"2021-04-04T07:18:17+00:00\",\"dateModified\":\"2021-04-04T10:12:41+00:00\",\"description\":\"Si vous avez besoin d\u2019aide imm\u00e9diatement, composez le 2-1-1. Ce num\u00e9ro correspond \u00e0 une ligne t\u00e9l\u00e9phonique et \u00e0 un site Web, o\u00f9 vous trouverez, en tout\",\"breadcrumb\":{\"@id\":\"https:\/\/newsite.stepstojustice.ca\/fr\/contactez-nous\/#breadcrumb\"},\"inLanguage\":\"fr-FR\",\"potentialAction\":[{\"@type\":\"ReadAction\",\"target\":[\"https:\/\/newsite.stepstojustice.ca\/fr\/contactez-nous\/\"]}]},{\"@type\":\"BreadcrumbList\",\"@id\":\"https:\/\/newsite.stepstojustice.ca\/fr\/contactez-nous\/#breadcrumb\",\"itemListElement\":[{\"@type\":\"ListItem\",\"position\":1,\"name\":\"Home\",\"item\":\"https:\/\/newsite.stepstojustice.ca\/fr\/\"},{\"@type\":\"ListItem\",\"position\":2,\"name\":\"Contactez-nous\"}]},{\"@type\":\"WebSite\",\"@id\":\"https:\/\/newsite.stepstojustice.ca\/fr\/#website\",\"url\":\"https:\/\/newsite.stepstojustice.ca\/fr\/\",\"name\":\"Steps to justice\",\"description\":\"Step-by-step information about legal problems\",\"potentialAction\":[{\"@type\":\"SearchAction\",\"target\":{\"@type\":\"EntryPoint\",\"urlTemplate\":\"https:\/\/newsite.stepstojustice.ca\/fr\/?s={search_term_string}\"},\"query-input\":\"required name=search_term_string\"}],\"inLanguage\":\"fr-FR\"}]}<\/script>\n<!-- \/ Yoast SEO plugin. -->","yoast_head_json":{"title":"Contactez-nous - Steps to justice","description":"Si vous avez besoin d\u2019aide imm\u00e9diatement, composez le 2-1-1. Ce num\u00e9ro correspond \u00e0 une ligne t\u00e9l\u00e9phonique et \u00e0 un site Web, o\u00f9 vous trouverez, en tout","robots":{"index":"noindex","follow":"follow","max-snippet":"max-snippet:-1","max-image-preview":"max-image-preview:large","max-video-preview":"max-video-preview:-1"},"og_locale":"fr_FR","og_type":"article","og_title":"Contactez-nous - Steps to justice","og_description":"Si vous avez besoin d\u2019aide imm\u00e9diatement, composez le 2-1-1. Ce num\u00e9ro correspond \u00e0 une ligne t\u00e9l\u00e9phonique et \u00e0 un site Web, o\u00f9 vous trouverez, en tout","og_url":"https:\/\/newsite.stepstojustice.ca\/fr\/contactez-nous\/","og_site_name":"Steps to justice","article_modified_time":"2021-04-04T10:12:41+00:00","twitter_card":"summary_large_image","twitter_misc":{"Dur\u00e9e de lecture estim\u00e9e":"1 minute"},"schema":{"@context":"https:\/\/schema.org","@graph":[{"@type":"WebPage","@id":"https:\/\/newsite.stepstojustice.ca\/fr\/contactez-nous\/","url":"https:\/\/newsite.stepstojustice.ca\/fr\/contactez-nous\/","name":"Contactez-nous - Steps to justice","isPartOf":{"@id":"https:\/\/newsite.stepstojustice.ca\/fr\/#website"},"datePublished":"2021-04-04T07:18:17+00:00","dateModified":"2021-04-04T10:12:41+00:00","description":"Si vous avez besoin d\u2019aide imm\u00e9diatement, composez le 2-1-1. Ce num\u00e9ro correspond \u00e0 une ligne t\u00e9l\u00e9phonique et \u00e0 un site Web, o\u00f9 vous trouverez, en tout","breadcrumb":{"@id":"https:\/\/newsite.stepstojustice.ca\/fr\/contactez-nous\/#breadcrumb"},"inLanguage":"fr-FR","potentialAction":[{"@type":"ReadAction","target":["https:\/\/newsite.stepstojustice.ca\/fr\/contactez-nous\/"]}]},{"@type":"BreadcrumbList","@id":"https:\/\/newsite.stepstojustice.ca\/fr\/contactez-nous\/#breadcrumb","itemListElement":[{"@type":"ListItem","position":1,"name":"Home","item":"https:\/\/newsite.stepstojustice.ca\/fr\/"},{"@type":"ListItem","position":2,"name":"Contactez-nous"}]},{"@type":"WebSite","@id":"https:\/\/newsite.stepstojustice.ca\/fr\/#website","url":"https:\/\/newsite.stepstojustice.ca\/fr\/","name":"Steps to justice","description":"Step-by-step information about legal problems","potentialAction":[{"@type":"SearchAction","target":{"@type":"EntryPoint","urlTemplate":"https:\/\/newsite.stepstojustice.ca\/fr\/?s={search_term_string}"},"query-input":"required name=search_term_string"}],"inLanguage":"fr-FR"}]}},"meta_box":{"contact_shortcode":"","contact_address":"","contact_address_details":"","contact_map":{"latitude":"","longitude":"","zoom":""},"remove_map":"","contact_company_name":"","contact_company_phones":[],"contact_company_email":"","contact_textarea":"","contact_other_text_block":"","contact_other_locations_show":"","contact_other_locations_title":"","contact_other_locations_type":"","contact_other_locations":[],"contact_gmaps_zoom_control":"","contact_gmaps_map_type_control":"","contact_gmaps_scaleControl":"","contact_gmaps_streetViewControl":"","contact_gmaps_rotateControl":"","contact_gmaps_fullscreenControl":"","location_gmaps_zoom_control":"","location_gmaps_map_type_control":"","location_gmaps_scaleControl":"","location_gmaps_streetViewControl":"","location_gmaps_rotateControl":"","location_gmaps_fullscreenControl":"","menu_page_links_type":"","menu_page_links":[],"menu_page_links_bottom_content":"","external_links_type":"","external_links":[],"external_sublinks":[],"private_staff_information_blocks":[],"private_staff_links_title":"","private_staff_links":[],"legal_topic_menu":[],"sb_display_type":"","sb_people_block":[],"header_subtitle":"","header_image":[],"header_content":"","page_icon":[]},"_links":{"self":[{"href":"https:\/\/newsite.stepstojustice.ca\/fr\/wp-json\/wp\/v2\/pages\/1132048"}],"collection":[{"href":"https:\/\/newsite.stepstojustice.ca\/fr\/wp-json\/wp\/v2\/pages"}],"about":[{"href":"https:\/\/newsite.stepstojustice.ca\/fr\/wp-json\/wp\/v2\/types\/page"}],"author":[{"embeddable":true,"href":"https:\/\/newsite.stepstojustice.ca\/fr\/wp-json\/wp\/v2\/users\/2"}],"replies":[{"embeddable":true,"href":"https:\/\/newsite.stepstojustice.ca\/fr\/wp-json\/wp\/v2\/comments?post=1132048"}],"version-history":[{"count":0,"href":"https:\/\/newsite.stepstojustice.ca\/fr\/wp-json\/wp\/v2\/pages\/1132048\/revisions"}],"wp:attachment":[{"href":"https:\/\/newsite.stepstojustice.ca\/fr\/wp-json\/wp\/v2\/media?parent=1132048"}],"curies":[{"name":"wp","href":"https:\/\/api.w.org\/{rel}","templated":true}]}}