{"id":1122602,"date":"2018-06-18T15:33:12","date_gmt":"2018-06-18T19:33:12","guid":{"rendered":""},"modified":"2021-04-06T06:39:07","modified_gmt":"2021-04-06T10:39:07","slug":"pour-incorporer-et-diffuser-du-contenu","status":"publish","type":"page","link":"https:\/\/newsite.stepstojustice.ca\/fr\/pour-incorporer-et-diffuser-du-contenu\/","title":{"rendered":"Pour incorporer et diffuser du contenu"},"content":{"rendered":"<p>Utilisez gratuitement nos outils num\u00e9riques pour diffuser du contenu de Justice pas-\u00e0-pas sur votre site Web ou sur les r\u00e9seaux sociaux.<\/p>\n<div class=\"embed-and-share-page\">\n<div class=\"item-box\">\n<div class=\"item\">\n<h2>Incorporer du contenu de Justice pas-\u00e0-pas \u00e0 votre site Web<\/h2>\n<p>Publiez du contenu de Justice pas-\u00e0-pas directement sur votre site Web \u00e0 l\u2019aide de notre outil.<\/p>\n<p>    <img decoding=\"async\" src=\"\/wp-content\/uploads\/2021\/04\/embed-and-share-content-preview-fr.png\" alt=\"Incorporer du contenu de Justice pas-\u00e0-pas \u00e0 votre site Web\"><br \/>\n    <a class=\"btn-dark\" href=\"\/fr\/pour-incorporer-et-diffuser-du-contenu\/incorporer-du-contenu-de-justice-pas-a-pas-a-votre-site-web\/\">\u00c7a m\u2019int\u00e9resse<\/a>\n<\/div>\n<div class=\"item\">\n<h2>Ajouter des boutons menant vers Justice pas-\u00e0-pas<\/h2>\n<p>Nos boutons graphiques dirigeront vos visiteurs vers le site Justice pas-\u00e0-pas.<\/p>\n<p>    <img decoding=\"async\" src=\"\/wp-content\/uploads\/2021\/04\/embed-and-share-button-fr.png\" alt=\"Ajouter des boutons menant vers Justice pas-\u00e0-pas\"><br \/>\n    <a class=\"btn-dark\" href=\"\/fr\/pour-incorporer-et-diffuser-du-contenu\/ajoutez-nos-boutons-graphiques-a-votre-site-web\/\">\u00c7a m\u2019int\u00e9resse<\/a>\n<\/div>\n<div class=\"item\">\n<h2>Faire conna\u00eetre Justice pas-\u00e0-pas sur les r\u00e9seaux sociaux<\/h2>\n<p>Voici des exemples d\u2019images et de messages que vous pouvez utiliser sur Facebook et Twitter.<\/p>\n<p>    <img decoding=\"async\" src=\"\/wp-content\/uploads\/2021\/04\/embed-and-share-social-fr.png\" alt=\"Faire conna\u00eetre Justice pas-\u00e0-pas sur les r\u00e9seaux sociaux\"><br \/>\n    <a class=\"btn-dark\" href=\"\/fr\/pour-incorporer-et-diffuser-du-contenu\/utilisez-nos-images-et-messages-sur-les-medias-sociaux\/\">\u00c7a m\u2019int\u00e9resse<\/a>\n<\/div>\n<\/div>\n<\/div>\n","protected":false},"excerpt":{"rendered":"<p>Utilisez gratuitement nos outils num\u00e9riques pour diffuser du contenu de Justice pas-\u00e0-pas sur votre site Web ou sur les r\u00e9seaux sociaux.<\/p>\n<p>Incorporer du contenu de Justice pas-\u00e0-pas \u00e0 votre site Web<br \/>\nPubliez du contenu de Justice pas-\u00e0-pas directement sur votre site Web \u00e0 l\u2019aide de notre outil.<br \/>\n    <br \/>\n    <a class=\"btn-dark\" href=\"\/fr\/pour-incorporer-et-diffuser-du-contenu\/incorporer-du-contenu-de-justice-pas-a-pas-a-votre-site-web\/\">\u00c7a m\u2019int\u00e9resse<\/a><\/p>\n<p>Ajouter des boutons menant vers Justice pas-\u00e0-pas<br \/>\nNos boutons graphiques dirigeront vos visiteurs vers le site Justice pas-\u00e0-pas.<\/p>\n","protected":false},"author":3,"featured_media":0,"parent":0,"menu_order":0,"comment_status":"closed","ping_status":"closed","template":"","meta":{"inline_featured_image":false},"yoast_head":"<!-- This site is optimized with the Yoast SEO plugin v19.14 - https:\/\/yoast.com\/wordpress\/plugins\/seo\/ -->\n<title>Pour incorporer et diffuser du contenu - Steps to justice<\/title>\n<meta name=\"description\" content=\"Utilisez gratuitement nos outils num\u00e9riques pour diffuser du contenu de Justice pas-\u00e0-pas sur votre site Web ou sur les r\u00e9seaux sociaux. Incorporer du\" \/>\n<meta name=\"robots\" content=\"noindex, follow, max-snippet:-1, max-image-preview:large, max-video-preview:-1\" \/>\n<meta property=\"og:locale\" content=\"fr_FR\" \/>\n<meta property=\"og:type\" content=\"article\" \/>\n<meta property=\"og:title\" content=\"Pour incorporer et diffuser du contenu - Steps to justice\" \/>\n<meta property=\"og:description\" content=\"Utilisez gratuitement nos outils num\u00e9riques pour diffuser du contenu de Justice pas-\u00e0-pas sur votre site Web ou sur les r\u00e9seaux sociaux. Incorporer du\" \/>\n<meta property=\"og:url\" content=\"https:\/\/newsite.stepstojustice.ca\/fr\/pour-incorporer-et-diffuser-du-contenu\/\" \/>\n<meta property=\"og:site_name\" content=\"Steps to justice\" \/>\n<meta property=\"article:modified_time\" content=\"2021-04-06T10:39:07+00:00\" \/>\n<meta name=\"twitter:card\" content=\"summary_large_image\" \/>\n<meta name=\"twitter:label1\" content=\"Dur\u00e9e de lecture estim\u00e9e\" \/>\n\t<meta name=\"twitter:data1\" content=\"1 minute\" \/>\n<script type=\"application\/ld+json\" class=\"yoast-schema-graph\">{\"@context\":\"https:\/\/schema.org\",\"@graph\":[{\"@type\":\"WebPage\",\"@id\":\"https:\/\/newsite.stepstojustice.ca\/fr\/pour-incorporer-et-diffuser-du-contenu\/\",\"url\":\"https:\/\/newsite.stepstojustice.ca\/fr\/pour-incorporer-et-diffuser-du-contenu\/\",\"name\":\"Pour incorporer et diffuser du contenu - Steps to justice\",\"isPartOf\":{\"@id\":\"https:\/\/newsite.stepstojustice.ca\/fr\/#website\"},\"datePublished\":\"2018-06-18T19:33:12+00:00\",\"dateModified\":\"2021-04-06T10:39:07+00:00\",\"description\":\"Utilisez gratuitement nos outils num\u00e9riques pour diffuser du contenu de Justice pas-\u00e0-pas sur votre site Web ou sur les r\u00e9seaux sociaux. Incorporer du\",\"breadcrumb\":{\"@id\":\"https:\/\/newsite.stepstojustice.ca\/fr\/pour-incorporer-et-diffuser-du-contenu\/#breadcrumb\"},\"inLanguage\":\"fr-FR\",\"potentialAction\":[{\"@type\":\"ReadAction\",\"target\":[\"https:\/\/newsite.stepstojustice.ca\/fr\/pour-incorporer-et-diffuser-du-contenu\/\"]}]},{\"@type\":\"BreadcrumbList\",\"@id\":\"https:\/\/newsite.stepstojustice.ca\/fr\/pour-incorporer-et-diffuser-du-contenu\/#breadcrumb\",\"itemListElement\":[{\"@type\":\"ListItem\",\"position\":1,\"name\":\"Home\",\"item\":\"https:\/\/newsite.stepstojustice.ca\/fr\/\"},{\"@type\":\"ListItem\",\"position\":2,\"name\":\"Pour incorporer et diffuser du contenu\"}]},{\"@type\":\"WebSite\",\"@id\":\"https:\/\/newsite.stepstojustice.ca\/fr\/#website\",\"url\":\"https:\/\/newsite.stepstojustice.ca\/fr\/\",\"name\":\"Steps to justice\",\"description\":\"Step-by-step information about legal problems\",\"potentialAction\":[{\"@type\":\"SearchAction\",\"target\":{\"@type\":\"EntryPoint\",\"urlTemplate\":\"https:\/\/newsite.stepstojustice.ca\/fr\/?s={search_term_string}\"},\"query-input\":\"required name=search_term_string\"}],\"inLanguage\":\"fr-FR\"}]}<\/script>\n<!-- \/ Yoast SEO plugin. -->","yoast_head_json":{"title":"Pour incorporer et diffuser du contenu - Steps to justice","description":"Utilisez gratuitement nos outils num\u00e9riques pour diffuser du contenu de Justice pas-\u00e0-pas sur votre site Web ou sur les r\u00e9seaux sociaux. Incorporer du","robots":{"index":"noindex","follow":"follow","max-snippet":"max-snippet:-1","max-image-preview":"max-image-preview:large","max-video-preview":"max-video-preview:-1"},"og_locale":"fr_FR","og_type":"article","og_title":"Pour incorporer et diffuser du contenu - Steps to justice","og_description":"Utilisez gratuitement nos outils num\u00e9riques pour diffuser du contenu de Justice pas-\u00e0-pas sur votre site Web ou sur les r\u00e9seaux sociaux. Incorporer du","og_url":"https:\/\/newsite.stepstojustice.ca\/fr\/pour-incorporer-et-diffuser-du-contenu\/","og_site_name":"Steps to justice","article_modified_time":"2021-04-06T10:39:07+00:00","twitter_card":"summary_large_image","twitter_misc":{"Dur\u00e9e de lecture estim\u00e9e":"1 minute"},"schema":{"@context":"https:\/\/schema.org","@graph":[{"@type":"WebPage","@id":"https:\/\/newsite.stepstojustice.ca\/fr\/pour-incorporer-et-diffuser-du-contenu\/","url":"https:\/\/newsite.stepstojustice.ca\/fr\/pour-incorporer-et-diffuser-du-contenu\/","name":"Pour incorporer et diffuser du contenu - Steps to justice","isPartOf":{"@id":"https:\/\/newsite.stepstojustice.ca\/fr\/#website"},"datePublished":"2018-06-18T19:33:12+00:00","dateModified":"2021-04-06T10:39:07+00:00","description":"Utilisez gratuitement nos outils num\u00e9riques pour diffuser du contenu de Justice pas-\u00e0-pas sur votre site Web ou sur les r\u00e9seaux sociaux. Incorporer du","breadcrumb":{"@id":"https:\/\/newsite.stepstojustice.ca\/fr\/pour-incorporer-et-diffuser-du-contenu\/#breadcrumb"},"inLanguage":"fr-FR","potentialAction":[{"@type":"ReadAction","target":["https:\/\/newsite.stepstojustice.ca\/fr\/pour-incorporer-et-diffuser-du-contenu\/"]}]},{"@type":"BreadcrumbList","@id":"https:\/\/newsite.stepstojustice.ca\/fr\/pour-incorporer-et-diffuser-du-contenu\/#breadcrumb","itemListElement":[{"@type":"ListItem","position":1,"name":"Home","item":"https:\/\/newsite.stepstojustice.ca\/fr\/"},{"@type":"ListItem","position":2,"name":"Pour incorporer et diffuser du contenu"}]},{"@type":"WebSite","@id":"https:\/\/newsite.stepstojustice.ca\/fr\/#website","url":"https:\/\/newsite.stepstojustice.ca\/fr\/","name":"Steps to justice","description":"Step-by-step information about legal problems","potentialAction":[{"@type":"SearchAction","target":{"@type":"EntryPoint","urlTemplate":"https:\/\/newsite.stepstojustice.ca\/fr\/?s={search_term_string}"},"query-input":"required name=search_term_string"}],"inLanguage":"fr-FR"}]}},"meta_box":{"contact_shortcode":"","contact_address":"","contact_address_details":"","contact_map":{"latitude":"","longitude":"","zoom":""},"remove_map":"","contact_company_name":"","contact_company_phones":[],"contact_company_email":"","contact_textarea":"","contact_other_text_block":"","contact_other_locations_show":"","contact_other_locations_title":"","contact_other_locations_type":"","contact_other_locations":[],"contact_gmaps_zoom_control":"","contact_gmaps_map_type_control":"","contact_gmaps_scaleControl":"","contact_gmaps_streetViewControl":"","contact_gmaps_rotateControl":"","contact_gmaps_fullscreenControl":"","location_gmaps_zoom_control":"","location_gmaps_map_type_control":"","location_gmaps_scaleControl":"","location_gmaps_streetViewControl":"","location_gmaps_rotateControl":"","location_gmaps_fullscreenControl":"","menu_page_links_type":"","menu_page_links":[],"menu_page_links_bottom_content":"","external_links_type":"","external_links":[],"external_sublinks":[],"private_staff_information_blocks":[],"private_staff_links_title":"","private_staff_links":[],"legal_topic_menu":[],"sb_display_type":"","sb_people_block":[],"header_subtitle":"","header_image":[],"header_content":"","page_icon":[]},"_links":{"self":[{"href":"https:\/\/newsite.stepstojustice.ca\/fr\/wp-json\/wp\/v2\/pages\/1122602"}],"collection":[{"href":"https:\/\/newsite.stepstojustice.ca\/fr\/wp-json\/wp\/v2\/pages"}],"about":[{"href":"https:\/\/newsite.stepstojustice.ca\/fr\/wp-json\/wp\/v2\/types\/page"}],"author":[{"embeddable":true,"href":"https:\/\/newsite.stepstojustice.ca\/fr\/wp-json\/wp\/v2\/users\/3"}],"replies":[{"embeddable":true,"href":"https:\/\/newsite.stepstojustice.ca\/fr\/wp-json\/wp\/v2\/comments?post=1122602"}],"version-history":[{"count":2,"href":"https:\/\/newsite.stepstojustice.ca\/fr\/wp-json\/wp\/v2\/pages\/1122602\/revisions"}],"predecessor-version":[{"id":1189299,"href":"https:\/\/newsite.stepstojustice.ca\/fr\/wp-json\/wp\/v2\/pages\/1122602\/revisions\/1189299"}],"wp:attachment":[{"href":"https:\/\/newsite.stepstojustice.ca\/fr\/wp-json\/wp\/v2\/media?parent=1122602"}],"curies":[{"name":"wp","href":"https:\/\/api.w.org\/{rel}","templated":true}]}}