{"id":1122601,"date":"2018-06-25T15:48:55","date_gmt":"2018-06-25T19:48:55","guid":{"rendered":""},"modified":"2021-04-05T23:55:44","modified_gmt":"2021-04-06T03:55:44","slug":"inscrivez-vous-pour-recevoir-les-instructions-dincorporation","status":"publish","type":"page","link":"https:\/\/newsite.stepstojustice.ca\/fr\/pour-incorporer-et-diffuser-du-contenu\/incorporer-du-contenu-de-justice-pas-a-pas-a-votre-site-web\/inscrivez-vous-pour-recevoir-les-instructions-dincorporation\/","title":{"rendered":"Inscrivez-vous pour recevoir les instructions d\u2019incorporation"},"content":{"rendered":"<p>Entrez les coordonn\u00e9es de votre organisme pour acc\u00e9der \u00e0 l\u2019outil d\u2019incorporation Justice pas-\u00e0-pas. Nous vous enverrons des instructions par courriel dans les deux jours ouvrables.<\/p>\n<div class=\"info-box view2\">\n<p>Veuillez noter que seuls les organismes gouvernementaux et sans but lucratif ontariens ont le droit d\u2019incorporer du contenu de Justice pas-\u00e0-pas. Si vous avez des questions ou besoin d\u2019aide, <a href=\"\/fr\/contact\">contactez-nous<\/a>.<\/p>\n<\/div>\n<p><h2>Formulaire de demande d&rsquo;incorporation de contenu<\/h2>\n<\/p>\n<div class=\"wpforms-container wpforms-container-full\" id=\"wpforms-1170210\"><form id=\"wpforms-form-1170210\" class=\"wpforms-validate wpforms-form\" data-formid=\"1170210\" method=\"post\" enctype=\"multipart\/form-data\" action=\"\/fr\/wp-json\/wp\/v2\/pages\/1122601\" data-token=\"6b761fbb6a194ce1db0c9b18cb787af4\"><noscript class=\"wpforms-error-noscript\">Veuillez activer JavaScript dans votre navigateur pour remplir ce formulaire.<\/noscript><div class=\"wpforms-field-container\"><div id=\"wpforms-1170210-field_3-container\" class=\"wpforms-field wpforms-field-text\" data-field-id=\"3\"><label class=\"wpforms-field-label\" for=\"wpforms-1170210-field_3\">Nom de l&#039;organisation <span class=\"wpforms-required-label\">*<\/span><\/label><input type=\"text\" id=\"wpforms-1170210-field_3\" class=\"wpforms-field-medium wpforms-field-required\" name=\"wpforms[fields][3]\" required><\/div><div id=\"wpforms-1170210-field_5-container\" class=\"wpforms-field wpforms-field-url\" data-field-id=\"5\"><label class=\"wpforms-field-label\" for=\"wpforms-1170210-field_5\">Site Web <span class=\"wpforms-required-label\">*<\/span><\/label><input type=\"url\" id=\"wpforms-1170210-field_5\" class=\"wpforms-field-medium wpforms-field-required\" name=\"wpforms[fields][5]\" required><\/div><div id=\"wpforms-1170210-field_4-container\" class=\"wpforms-field wpforms-field-name\" data-field-id=\"4\"><label class=\"wpforms-field-label\" for=\"wpforms-1170210-field_4\">Nom <span class=\"wpforms-required-label\">*<\/span><\/label><div class=\"wpforms-field-row wpforms-field-medium\"><div class=\"wpforms-field-row-block wpforms-first wpforms-one-half\"><input type=\"text\" id=\"wpforms-1170210-field_4\" class=\"wpforms-field-name-first wpforms-field-required\" name=\"wpforms[fields][4][first]\" required><label for=\"wpforms-1170210-field_4\" class=\"wpforms-field-sublabel after \">Pr\u00e9nom<\/label><\/div><div class=\"wpforms-field-row-block wpforms-one-half\"><input type=\"text\" id=\"wpforms-1170210-field_4-last\" class=\"wpforms-field-name-last wpforms-field-required\" name=\"wpforms[fields][4][last]\" required><label for=\"wpforms-1170210-field_4-last\" class=\"wpforms-field-sublabel after \">Nom de famille<\/label><\/div><\/div><\/div><div id=\"wpforms-1170210-field_6-container\" class=\"wpforms-field wpforms-field-email\" data-field-id=\"6\"><label class=\"wpforms-field-label\" for=\"wpforms-1170210-field_6\">Addresse courriel <span class=\"wpforms-required-label\">*<\/span><\/label><input type=\"email\" id=\"wpforms-1170210-field_6\" class=\"wpforms-field-medium wpforms-field-required\" name=\"wpforms[fields][6]\" required><\/div><div id=\"wpforms-1170210-field_7-container\" class=\"wpforms-field wpforms-field-phone\" data-field-id=\"7\"><label class=\"wpforms-field-label\" for=\"wpforms-1170210-field_7\">T\u00e9l\u00e9phone <span class=\"wpforms-required-label\">*<\/span><\/label><input type=\"tel\" id=\"wpforms-1170210-field_7\" class=\"wpforms-field-medium wpforms-field-required wpforms-smart-phone-field\" data-rule-smart-phone-field=\"true\" name=\"wpforms[fields][7]\" required><\/div><div id=\"wpforms-1170210-field_8-container\" class=\"wpforms-field wpforms-field-payment-checkbox\" data-field-id=\"8\"><label class=\"wpforms-field-label\" for=\"wpforms-1170210-field_8\">Conditions<\/label><ul id=\"wpforms-1170210-field_8\"><li class=\"choice-1\"><input type=\"checkbox\" id=\"wpforms-1170210-field_8_1\" class=\"wpforms-payment-price\" data-amount=\"0.00\" name=\"wpforms[fields][8][]\" value=\"1\"  ><label class=\"wpforms-field-label-inline\" for=\"wpforms-1170210-field_8_1\">J'accepte les <a href=\"\/fr\/conditions-dincorporation-et-de-diffusion\/\">conditions d'incorporation et de diffusion<\/a><\/label><\/li><\/ul><div class=\"wpforms-field-description\">Vous ne pouvez ajouter un lien vers le site Justice pas-\u00e0-pas ou en incorporer du contenu que si vous acceptez ces conditions.<\/div><\/div><\/div><input type=\"hidden\" name=\"wpforms[recaptcha]\" value=\"\"><div class=\"wpforms-submit-container\"><input type=\"hidden\" name=\"wpforms[id]\" value=\"1170210\"><input type=\"hidden\" name=\"wpforms[author]\" value=\"3\"><button type=\"submit\" name=\"wpforms[submit]\" id=\"wpforms-submit-1170210\" class=\"wpforms-submit\" data-alt-text=\"Sending...\" data-submit-text=\"Soumettre\" aria-live=\"assertive\" value=\"wpforms-submit\">Soumettre<\/button><\/div><\/form><\/div>  <!-- .wpforms-container -->\n","protected":false},"excerpt":{"rendered":"<p>Entrez les coordonn\u00e9es de votre organisme pour acc\u00e9der \u00e0 l\u2019outil d\u2019incorporation Justice pas-\u00e0-pas. Nous vous enverrons des instructions par courriel dans les deux jours ouvrables.<\/p>\n<p>Veuillez noter que seuls les organismes gouvernementaux et sans but lucratif ontariens ont le droit d\u2019incorporer du contenu de Justice pas-\u00e0-pas. Si vous avez des questions ou besoin d\u2019aide,<\/p>\n","protected":false},"author":3,"featured_media":0,"parent":1122626,"menu_order":0,"comment_status":"closed","ping_status":"closed","template":"","meta":{"inline_featured_image":false},"yoast_head":"<!-- This site is optimized with the Yoast SEO plugin v19.14 - https:\/\/yoast.com\/wordpress\/plugins\/seo\/ -->\n<title>Inscrivez-vous pour recevoir les instructions d\u2019incorporation - Steps to justice<\/title>\n<meta name=\"description\" content=\"Entrez les coordonn\u00e9es de votre organisme pour acc\u00e9der \u00e0 l\u2019outil d\u2019incorporation Justice pas-\u00e0-pas. Nous vous enverrons des instructions par courriel dans\" \/>\n<meta name=\"robots\" content=\"noindex, follow, max-snippet:-1, max-image-preview:large, max-video-preview:-1\" \/>\n<meta property=\"og:locale\" content=\"fr_FR\" \/>\n<meta property=\"og:type\" content=\"article\" \/>\n<meta property=\"og:title\" content=\"Inscrivez-vous pour recevoir les instructions d\u2019incorporation - Steps to justice\" \/>\n<meta property=\"og:description\" content=\"Entrez les coordonn\u00e9es de votre organisme pour acc\u00e9der \u00e0 l\u2019outil d\u2019incorporation Justice pas-\u00e0-pas. Nous vous enverrons des instructions par courriel dans\" \/>\n<meta property=\"og:url\" content=\"https:\/\/newsite.stepstojustice.ca\/fr\/pour-incorporer-et-diffuser-du-contenu\/incorporer-du-contenu-de-justice-pas-a-pas-a-votre-site-web\/inscrivez-vous-pour-recevoir-les-instructions-dincorporation\/\" \/>\n<meta property=\"og:site_name\" content=\"Steps to justice\" \/>\n<meta property=\"article:modified_time\" content=\"2021-04-06T03:55:44+00:00\" \/>\n<meta name=\"twitter:card\" content=\"summary_large_image\" \/>\n<script type=\"application\/ld+json\" class=\"yoast-schema-graph\">{\"@context\":\"https:\/\/schema.org\",\"@graph\":[{\"@type\":\"WebPage\",\"@id\":\"https:\/\/newsite.stepstojustice.ca\/fr\/pour-incorporer-et-diffuser-du-contenu\/incorporer-du-contenu-de-justice-pas-a-pas-a-votre-site-web\/inscrivez-vous-pour-recevoir-les-instructions-dincorporation\/\",\"url\":\"https:\/\/newsite.stepstojustice.ca\/fr\/pour-incorporer-et-diffuser-du-contenu\/incorporer-du-contenu-de-justice-pas-a-pas-a-votre-site-web\/inscrivez-vous-pour-recevoir-les-instructions-dincorporation\/\",\"name\":\"Inscrivez-vous pour recevoir les instructions d\u2019incorporation - Steps to justice\",\"isPartOf\":{\"@id\":\"https:\/\/newsite.stepstojustice.ca\/fr\/#website\"},\"datePublished\":\"2018-06-25T19:48:55+00:00\",\"dateModified\":\"2021-04-06T03:55:44+00:00\",\"description\":\"Entrez les coordonn\u00e9es de votre organisme pour acc\u00e9der \u00e0 l\u2019outil d\u2019incorporation Justice pas-\u00e0-pas. Nous vous enverrons des instructions par courriel dans\",\"breadcrumb\":{\"@id\":\"https:\/\/newsite.stepstojustice.ca\/fr\/pour-incorporer-et-diffuser-du-contenu\/incorporer-du-contenu-de-justice-pas-a-pas-a-votre-site-web\/inscrivez-vous-pour-recevoir-les-instructions-dincorporation\/#breadcrumb\"},\"inLanguage\":\"fr-FR\",\"potentialAction\":[{\"@type\":\"ReadAction\",\"target\":[\"https:\/\/newsite.stepstojustice.ca\/fr\/pour-incorporer-et-diffuser-du-contenu\/incorporer-du-contenu-de-justice-pas-a-pas-a-votre-site-web\/inscrivez-vous-pour-recevoir-les-instructions-dincorporation\/\"]}]},{\"@type\":\"BreadcrumbList\",\"@id\":\"https:\/\/newsite.stepstojustice.ca\/fr\/pour-incorporer-et-diffuser-du-contenu\/incorporer-du-contenu-de-justice-pas-a-pas-a-votre-site-web\/inscrivez-vous-pour-recevoir-les-instructions-dincorporation\/#breadcrumb\",\"itemListElement\":[{\"@type\":\"ListItem\",\"position\":1,\"name\":\"Home\",\"item\":\"https:\/\/newsite.stepstojustice.ca\/fr\/\"},{\"@type\":\"ListItem\",\"position\":2,\"name\":\"Pour incorporer et diffuser du contenu\",\"item\":\"https:\/\/newsite.stepstojustice.ca\/fr\/pour-incorporer-et-diffuser-du-contenu\/\"},{\"@type\":\"ListItem\",\"position\":3,\"name\":\"Incorporer le contenu de Justice pas-\u00e0-pas \u00e0 votre site Web\",\"item\":\"https:\/\/newsite.stepstojustice.ca\/fr\/pour-incorporer-et-diffuser-du-contenu\/incorporer-du-contenu-de-justice-pas-a-pas-a-votre-site-web\/\"},{\"@type\":\"ListItem\",\"position\":4,\"name\":\"Inscrivez-vous pour recevoir les instructions d\u2019incorporation\"}]},{\"@type\":\"WebSite\",\"@id\":\"https:\/\/newsite.stepstojustice.ca\/fr\/#website\",\"url\":\"https:\/\/newsite.stepstojustice.ca\/fr\/\",\"name\":\"Steps to justice\",\"description\":\"Step-by-step information about legal problems\",\"potentialAction\":[{\"@type\":\"SearchAction\",\"target\":{\"@type\":\"EntryPoint\",\"urlTemplate\":\"https:\/\/newsite.stepstojustice.ca\/fr\/?s={search_term_string}\"},\"query-input\":\"required name=search_term_string\"}],\"inLanguage\":\"fr-FR\"}]}<\/script>\n<!-- \/ Yoast SEO plugin. -->","yoast_head_json":{"title":"Inscrivez-vous pour recevoir les instructions d\u2019incorporation - Steps to justice","description":"Entrez les coordonn\u00e9es de votre organisme pour acc\u00e9der \u00e0 l\u2019outil d\u2019incorporation Justice pas-\u00e0-pas. Nous vous enverrons des instructions par courriel dans","robots":{"index":"noindex","follow":"follow","max-snippet":"max-snippet:-1","max-image-preview":"max-image-preview:large","max-video-preview":"max-video-preview:-1"},"og_locale":"fr_FR","og_type":"article","og_title":"Inscrivez-vous pour recevoir les instructions d\u2019incorporation - Steps to justice","og_description":"Entrez les coordonn\u00e9es de votre organisme pour acc\u00e9der \u00e0 l\u2019outil d\u2019incorporation Justice pas-\u00e0-pas. Nous vous enverrons des instructions par courriel dans","og_url":"https:\/\/newsite.stepstojustice.ca\/fr\/pour-incorporer-et-diffuser-du-contenu\/incorporer-du-contenu-de-justice-pas-a-pas-a-votre-site-web\/inscrivez-vous-pour-recevoir-les-instructions-dincorporation\/","og_site_name":"Steps to justice","article_modified_time":"2021-04-06T03:55:44+00:00","twitter_card":"summary_large_image","schema":{"@context":"https:\/\/schema.org","@graph":[{"@type":"WebPage","@id":"https:\/\/newsite.stepstojustice.ca\/fr\/pour-incorporer-et-diffuser-du-contenu\/incorporer-du-contenu-de-justice-pas-a-pas-a-votre-site-web\/inscrivez-vous-pour-recevoir-les-instructions-dincorporation\/","url":"https:\/\/newsite.stepstojustice.ca\/fr\/pour-incorporer-et-diffuser-du-contenu\/incorporer-du-contenu-de-justice-pas-a-pas-a-votre-site-web\/inscrivez-vous-pour-recevoir-les-instructions-dincorporation\/","name":"Inscrivez-vous pour recevoir les instructions d\u2019incorporation - Steps to justice","isPartOf":{"@id":"https:\/\/newsite.stepstojustice.ca\/fr\/#website"},"datePublished":"2018-06-25T19:48:55+00:00","dateModified":"2021-04-06T03:55:44+00:00","description":"Entrez les coordonn\u00e9es de votre organisme pour acc\u00e9der \u00e0 l\u2019outil d\u2019incorporation Justice pas-\u00e0-pas. Nous vous enverrons des instructions par courriel dans","breadcrumb":{"@id":"https:\/\/newsite.stepstojustice.ca\/fr\/pour-incorporer-et-diffuser-du-contenu\/incorporer-du-contenu-de-justice-pas-a-pas-a-votre-site-web\/inscrivez-vous-pour-recevoir-les-instructions-dincorporation\/#breadcrumb"},"inLanguage":"fr-FR","potentialAction":[{"@type":"ReadAction","target":["https:\/\/newsite.stepstojustice.ca\/fr\/pour-incorporer-et-diffuser-du-contenu\/incorporer-du-contenu-de-justice-pas-a-pas-a-votre-site-web\/inscrivez-vous-pour-recevoir-les-instructions-dincorporation\/"]}]},{"@type":"BreadcrumbList","@id":"https:\/\/newsite.stepstojustice.ca\/fr\/pour-incorporer-et-diffuser-du-contenu\/incorporer-du-contenu-de-justice-pas-a-pas-a-votre-site-web\/inscrivez-vous-pour-recevoir-les-instructions-dincorporation\/#breadcrumb","itemListElement":[{"@type":"ListItem","position":1,"name":"Home","item":"https:\/\/newsite.stepstojustice.ca\/fr\/"},{"@type":"ListItem","position":2,"name":"Pour incorporer et diffuser du contenu","item":"https:\/\/newsite.stepstojustice.ca\/fr\/pour-incorporer-et-diffuser-du-contenu\/"},{"@type":"ListItem","position":3,"name":"Incorporer le contenu de Justice pas-\u00e0-pas \u00e0 votre site Web","item":"https:\/\/newsite.stepstojustice.ca\/fr\/pour-incorporer-et-diffuser-du-contenu\/incorporer-du-contenu-de-justice-pas-a-pas-a-votre-site-web\/"},{"@type":"ListItem","position":4,"name":"Inscrivez-vous pour recevoir les instructions d\u2019incorporation"}]},{"@type":"WebSite","@id":"https:\/\/newsite.stepstojustice.ca\/fr\/#website","url":"https:\/\/newsite.stepstojustice.ca\/fr\/","name":"Steps to justice","description":"Step-by-step information about legal problems","potentialAction":[{"@type":"SearchAction","target":{"@type":"EntryPoint","urlTemplate":"https:\/\/newsite.stepstojustice.ca\/fr\/?s={search_term_string}"},"query-input":"required name=search_term_string"}],"inLanguage":"fr-FR"}]}},"meta_box":{"contact_shortcode":"","contact_address":"","contact_address_details":"","contact_map":{"latitude":"","longitude":"","zoom":""},"remove_map":"","contact_company_name":"","contact_company_phones":[],"contact_company_email":"","contact_textarea":"","contact_other_text_block":"","contact_other_locations_show":"","contact_other_locations_title":"","contact_other_locations_type":"","contact_other_locations":[],"contact_gmaps_zoom_control":"","contact_gmaps_map_type_control":"","contact_gmaps_scaleControl":"","contact_gmaps_streetViewControl":"","contact_gmaps_rotateControl":"","contact_gmaps_fullscreenControl":"","location_gmaps_zoom_control":"","location_gmaps_map_type_control":"","location_gmaps_scaleControl":"","location_gmaps_streetViewControl":"","location_gmaps_rotateControl":"","location_gmaps_fullscreenControl":"","menu_page_links_type":"","menu_page_links":[],"menu_page_links_bottom_content":"","external_links_type":"","external_links":[],"external_sublinks":[],"private_staff_information_blocks":[],"private_staff_links_title":"","private_staff_links":[],"legal_topic_menu":[],"sb_display_type":"","sb_people_block":[],"header_subtitle":"","header_image":[],"header_content":"","page_icon":[]},"_links":{"self":[{"href":"https:\/\/newsite.stepstojustice.ca\/fr\/wp-json\/wp\/v2\/pages\/1122601"}],"collection":[{"href":"https:\/\/newsite.stepstojustice.ca\/fr\/wp-json\/wp\/v2\/pages"}],"about":[{"href":"https:\/\/newsite.stepstojustice.ca\/fr\/wp-json\/wp\/v2\/types\/page"}],"author":[{"embeddable":true,"href":"https:\/\/newsite.stepstojustice.ca\/fr\/wp-json\/wp\/v2\/users\/3"}],"replies":[{"embeddable":true,"href":"https:\/\/newsite.stepstojustice.ca\/fr\/wp-json\/wp\/v2\/comments?post=1122601"}],"version-history":[{"count":0,"href":"https:\/\/newsite.stepstojustice.ca\/fr\/wp-json\/wp\/v2\/pages\/1122601\/revisions"}],"up":[{"embeddable":true,"href":"https:\/\/newsite.stepstojustice.ca\/fr\/wp-json\/wp\/v2\/pages\/1122626"}],"wp:attachment":[{"href":"https:\/\/newsite.stepstojustice.ca\/fr\/wp-json\/wp\/v2\/media?parent=1122601"}],"curies":[{"name":"wp","href":"https:\/\/api.w.org\/{rel}","templated":true}]}}