{"id":1122594,"date":"2018-06-18T15:31:20","date_gmt":"2018-06-18T19:31:20","guid":{"rendered":""},"modified":"2021-04-28T16:46:13","modified_gmt":"2021-04-28T20:46:13","slug":"abonnez-vous-aux-mises-a-jour-de-cleo","status":"publish","type":"page","link":"https:\/\/newsite.stepstojustice.ca\/fr\/abonnez-vous-aux-mises-a-jour-de-cleo\/","title":{"rendered":"Abonnez-vous aux mises \u00e0 jour de CLEO"},"content":{"rendered":"<p>Voici vos options pour rester inform\u00e9s sur nous:<\/p>\n<ul>\n<li><strong>Les mises \u00e0 jour de CLEO<\/strong> qui vous donnent des nouvelles sur les ressources d&rsquo;information juridique de CLEO, les nouveaux contenus des sites web Justice pas-\u00e0-pas et Steps to Justice, et le bulletin juridique mensuel \u00abOn the Radar\u00bb.<\/li>\n<li><strong>Les mises \u00e0 jour de CLEO Connect<\/strong> comportent des informations, des outils et des ressources que les intervenant.e.s communautaires peuvent utiliser pour aider leurs client.e.s dans la r\u00e9solution des probl\u00e8mes juridiques. Elles offrent un acc\u00e8s aux derni\u00e8res ressources d&rsquo;informations juridiques et aux webinaires de formation qui sont ajout\u00e9s \u00e0 Vos droits juridiques.<\/li>\n<\/ul>\n<p>Pour voir les anciennes mises \u00e0 jour, visitez l&rsquo;<a href=\"https:\/\/us4.campaign-archive.com\/home\/?u=acaece29df8d07c95ef84a763&amp;id=d3ebfd2663\" target=\"_blank\" rel=\"noopener\">archive des mises \u00e0 jour de CLEO<\/a>.<\/p>\n<p>Pour ajouter votre nom \u00e0 la liste de diffusion, veuillez remplir le formulaire ci-dessous:<\/p>\n<p><!-- Begin Mailchimp Signup Form --><\/p>\n<style type=\"text\/css\">#mc_embed_signup{background:#fff; clear:left; font:14px Helvetica,Arial,sans-serif; }<br \/>\n\t\/* Add your own Mailchimp form style overrides in your site stylesheet or in this style block.<br \/>\n\t   We recommend moving this block and the preceding CSS link to the HEAD of your HTML file. *\/<br \/>\n<\/style>\n<div id=\"mc_embed_signup\">\n<form id=\"mc-embedded-subscribe-form\" class=\"validate\" action=\"https:\/\/cleo.us4.list-manage.com\/subscribe\/post?u=acaece29df8d07c95ef84a763&amp;id=d3ebfd2663\" method=\"post\" name=\"mc-embedded-subscribe-form\" novalidate=\"\" target=\"_blank\">\n<div id=\"mc_embed_signup_scroll\">\n<h2>S\u2019abonner<\/h2>\n<div class=\"indicates-required\"><span class=\"asterisk\">*<\/span> Champs requis<\/div>\n<div class=\"mc-field-group\"><label for=\"mce-EMAIL\">Adresse courriel <span class=\"asterisk\">*<\/span> <\/label> <input id=\"mce-EMAIL\" class=\"required email\" name=\"EMAIL\" type=\"email\" value=\"\" \/><\/div>\n<div class=\"mc-field-group\"><label for=\"mce-FNAME\">Pr\u00e9nom <\/label> <input id=\"mce-FNAME\" name=\"FNAME\" type=\"text\" value=\"\" \/><\/div>\n<div class=\"mc-field-group\"><label for=\"mce-LNAME\">Nom de famille <\/label> <input id=\"mce-LNAME\" name=\"LNAME\" type=\"text\" value=\"\" \/><\/div>\n<div class=\"mc-field-group\"><label for=\"mce-ORG\">Organisation <\/label> <input id=\"mce-ORG\" name=\"ORG\" type=\"text\" value=\"\" \/><\/div>\n<p><!-- div class=\"mc-field-group\"><label for=\"mce-MMERGE5\">NOTES <\/label> <input id=\"mce-MMERGE5\" name=\"MMERGE5\" type=\"text\" value=\"\" \/><\/div--->\n<div class=\"mc-field-group input-group\">\n<p><strong>Type de mise \u00e0 jour &#8211; Cochez une case ou les deux <\/strong><\/p>\n<ul>\n<li><input id=\"mce-group[8525]-8525-0\" name=\"group[8525][1]\" type=\"checkbox\" value=\"1\" \/><label for=\"mce-group[8525]-8525-0\">\u00a0Mises \u00e0 jour de CLEO<\/label><\/li>\n<li><input id=\"mce-group[8525]-8525-1\" name=\"group[8525][2]\" type=\"checkbox\" value=\"2\" \/><label for=\"mce-group[8525]-8525-1\">\u00a0Mises \u00e0 jour de CLEO Connect<\/label><\/li>\n<\/ul>\n<\/div>\n<div id=\"mce-responses\" class=\"clear\">\n<div id=\"mce-error-response\" class=\"response\" style=\"display: none;\"><\/div>\n<div id=\"mce-success-response\" class=\"response\" style=\"display: none;\"><\/div>\n<\/div>\n<p><!-- real people should not fill this in and expect good things - do not remove this or risk form bot signups--><\/p>\n<div style=\"position: absolute; left: -5000px;\" aria-hidden=\"true\"><input tabindex=\"-1\" name=\"b_acaece29df8d07c95ef84a763_d3ebfd2663\" type=\"text\" value=\"\" \/><\/div>\n<div class=\"clear\"><input id=\"mc-embedded-subscribe\" class=\"button\" name=\"subscribe\" type=\"submit\" value=\"Abonnez-vous\" \/><\/div>\n<\/div>\n<\/form>\n<\/div>\n<p><script type='text\/javascript' src='\/\/s3.amazonaws.com\/downloads.mailchimp.com\/js\/mc-validate.js'><\/script><script type='text\/javascript'>(function($) {window.fnames = new Array(); window.ftypes = new Array();fnames[0]='EMAIL';ftypes[0]='email';fnames[1]='FNAME';ftypes[1]='text';fnames[2]='LNAME';ftypes[2]='text';fnames[3]='ORG';ftypes[3]='text';fnames[4]='CDATE';ftypes[4]='date';fnames[5]='MMERGE5';ftypes[5]='text';}(jQuery));var $mcj = jQuery.noConflict(true);<\/script><!--End mc_embed_signup--><\/p>\n<hr \/>\n<h3>D\u00e9claration de confidentialit\u00e9<\/h3>\n<p>Si vous vous abonnez \u00e0 l\u2019infolettre\u00a0de CLEO, nous ne vous enverrons pas de pourriels, et nous ne divulguerons pas votre adresse courriel. Pour en savoir plus, consultez notre\u00a0<u><a href=\"\/fr\/d%C3%A9claration-de-confidentialit%C3%A9\">D\u00e9claration de confidentialit\u00e9<\/a><\/u>.<\/p>\n<p>Si vous avez des questions ou souhaitez obtenir de plus amples renseignements,\u00a0<a href=\"\/fr\/contact\">contactez-nous.<\/a><\/p>\n","protected":false},"excerpt":{"rendered":"<p>Voici vos options pour rester inform\u00e9s sur nous:<\/p>\n<p>Les mises \u00e0 jour de CLEO qui vous donnent des nouvelles sur les ressources d&rsquo;information juridique de CLEO, les nouveaux contenus des sites web Justice pas-\u00e0-pas et Steps to Justice, et le bulletin juridique mensuel \u00abOn the Radar\u00bb.<br \/>\nLes mises \u00e0 jour de CLEO Connect comportent des informations,<\/p>\n","protected":false},"author":3,"featured_media":0,"parent":0,"menu_order":0,"comment_status":"closed","ping_status":"closed","template":"","meta":{"inline_featured_image":false},"yoast_head":"<!-- This site is optimized with the Yoast SEO plugin v19.14 - https:\/\/yoast.com\/wordpress\/plugins\/seo\/ -->\n<title>Abonnez-vous aux mises \u00e0 jour de CLEO - Steps to justice<\/title>\n<meta name=\"description\" content=\"Voici vos options pour rester inform\u00e9s sur nous: Les mises \u00e0 jour de CLEO qui vous donnent des nouvelles sur les ressources d&#039;information juridique de\" \/>\n<meta name=\"robots\" content=\"noindex, follow, max-snippet:-1, max-image-preview:large, max-video-preview:-1\" \/>\n<meta property=\"og:locale\" content=\"fr_FR\" \/>\n<meta property=\"og:type\" content=\"article\" \/>\n<meta property=\"og:title\" content=\"Abonnez-vous aux mises \u00e0 jour de CLEO - Steps to justice\" \/>\n<meta property=\"og:description\" content=\"Voici vos options pour rester inform\u00e9s sur nous: Les mises \u00e0 jour de CLEO qui vous donnent des nouvelles sur les ressources d&#039;information juridique de\" \/>\n<meta property=\"og:url\" content=\"https:\/\/newsite.stepstojustice.ca\/fr\/abonnez-vous-aux-mises-a-jour-de-cleo\/\" \/>\n<meta property=\"og:site_name\" content=\"Steps to justice\" \/>\n<meta property=\"article:modified_time\" content=\"2021-04-28T20:46:13+00:00\" \/>\n<meta name=\"twitter:card\" content=\"summary_large_image\" \/>\n<meta name=\"twitter:label1\" content=\"Dur\u00e9e de lecture estim\u00e9e\" \/>\n\t<meta name=\"twitter:data1\" content=\"2 minutes\" \/>\n<script type=\"application\/ld+json\" class=\"yoast-schema-graph\">{\"@context\":\"https:\/\/schema.org\",\"@graph\":[{\"@type\":\"WebPage\",\"@id\":\"https:\/\/newsite.stepstojustice.ca\/fr\/abonnez-vous-aux-mises-a-jour-de-cleo\/\",\"url\":\"https:\/\/newsite.stepstojustice.ca\/fr\/abonnez-vous-aux-mises-a-jour-de-cleo\/\",\"name\":\"Abonnez-vous aux mises \u00e0 jour de CLEO - Steps to justice\",\"isPartOf\":{\"@id\":\"https:\/\/newsite.stepstojustice.ca\/fr\/#website\"},\"datePublished\":\"2018-06-18T19:31:20+00:00\",\"dateModified\":\"2021-04-28T20:46:13+00:00\",\"description\":\"Voici vos options pour rester inform\u00e9s sur nous: Les mises \u00e0 jour de CLEO qui vous donnent des nouvelles sur les ressources d'information juridique de\",\"breadcrumb\":{\"@id\":\"https:\/\/newsite.stepstojustice.ca\/fr\/abonnez-vous-aux-mises-a-jour-de-cleo\/#breadcrumb\"},\"inLanguage\":\"fr-FR\",\"potentialAction\":[{\"@type\":\"ReadAction\",\"target\":[\"https:\/\/newsite.stepstojustice.ca\/fr\/abonnez-vous-aux-mises-a-jour-de-cleo\/\"]}]},{\"@type\":\"BreadcrumbList\",\"@id\":\"https:\/\/newsite.stepstojustice.ca\/fr\/abonnez-vous-aux-mises-a-jour-de-cleo\/#breadcrumb\",\"itemListElement\":[{\"@type\":\"ListItem\",\"position\":1,\"name\":\"Home\",\"item\":\"https:\/\/newsite.stepstojustice.ca\/fr\/\"},{\"@type\":\"ListItem\",\"position\":2,\"name\":\"Abonnez-vous aux mises \u00e0 jour de CLEO\"}]},{\"@type\":\"WebSite\",\"@id\":\"https:\/\/newsite.stepstojustice.ca\/fr\/#website\",\"url\":\"https:\/\/newsite.stepstojustice.ca\/fr\/\",\"name\":\"Steps to justice\",\"description\":\"Step-by-step information about legal problems\",\"potentialAction\":[{\"@type\":\"SearchAction\",\"target\":{\"@type\":\"EntryPoint\",\"urlTemplate\":\"https:\/\/newsite.stepstojustice.ca\/fr\/?s={search_term_string}\"},\"query-input\":\"required name=search_term_string\"}],\"inLanguage\":\"fr-FR\"}]}<\/script>\n<!-- \/ Yoast SEO plugin. -->","yoast_head_json":{"title":"Abonnez-vous aux mises \u00e0 jour de CLEO - Steps to justice","description":"Voici vos options pour rester inform\u00e9s sur nous: Les mises \u00e0 jour de CLEO qui vous donnent des nouvelles sur les ressources d'information juridique de","robots":{"index":"noindex","follow":"follow","max-snippet":"max-snippet:-1","max-image-preview":"max-image-preview:large","max-video-preview":"max-video-preview:-1"},"og_locale":"fr_FR","og_type":"article","og_title":"Abonnez-vous aux mises \u00e0 jour de CLEO - Steps to justice","og_description":"Voici vos options pour rester inform\u00e9s sur nous: Les mises \u00e0 jour de CLEO qui vous donnent des nouvelles sur les ressources d'information juridique de","og_url":"https:\/\/newsite.stepstojustice.ca\/fr\/abonnez-vous-aux-mises-a-jour-de-cleo\/","og_site_name":"Steps to justice","article_modified_time":"2021-04-28T20:46:13+00:00","twitter_card":"summary_large_image","twitter_misc":{"Dur\u00e9e de lecture estim\u00e9e":"2 minutes"},"schema":{"@context":"https:\/\/schema.org","@graph":[{"@type":"WebPage","@id":"https:\/\/newsite.stepstojustice.ca\/fr\/abonnez-vous-aux-mises-a-jour-de-cleo\/","url":"https:\/\/newsite.stepstojustice.ca\/fr\/abonnez-vous-aux-mises-a-jour-de-cleo\/","name":"Abonnez-vous aux mises \u00e0 jour de CLEO - Steps to justice","isPartOf":{"@id":"https:\/\/newsite.stepstojustice.ca\/fr\/#website"},"datePublished":"2018-06-18T19:31:20+00:00","dateModified":"2021-04-28T20:46:13+00:00","description":"Voici vos options pour rester inform\u00e9s sur nous: Les mises \u00e0 jour de CLEO qui vous donnent des nouvelles sur les ressources d'information juridique de","breadcrumb":{"@id":"https:\/\/newsite.stepstojustice.ca\/fr\/abonnez-vous-aux-mises-a-jour-de-cleo\/#breadcrumb"},"inLanguage":"fr-FR","potentialAction":[{"@type":"ReadAction","target":["https:\/\/newsite.stepstojustice.ca\/fr\/abonnez-vous-aux-mises-a-jour-de-cleo\/"]}]},{"@type":"BreadcrumbList","@id":"https:\/\/newsite.stepstojustice.ca\/fr\/abonnez-vous-aux-mises-a-jour-de-cleo\/#breadcrumb","itemListElement":[{"@type":"ListItem","position":1,"name":"Home","item":"https:\/\/newsite.stepstojustice.ca\/fr\/"},{"@type":"ListItem","position":2,"name":"Abonnez-vous aux mises \u00e0 jour de CLEO"}]},{"@type":"WebSite","@id":"https:\/\/newsite.stepstojustice.ca\/fr\/#website","url":"https:\/\/newsite.stepstojustice.ca\/fr\/","name":"Steps to justice","description":"Step-by-step information about legal problems","potentialAction":[{"@type":"SearchAction","target":{"@type":"EntryPoint","urlTemplate":"https:\/\/newsite.stepstojustice.ca\/fr\/?s={search_term_string}"},"query-input":"required name=search_term_string"}],"inLanguage":"fr-FR"}]}},"meta_box":{"contact_shortcode":"","contact_address":"","contact_address_details":"","contact_map":{"latitude":"","longitude":"","zoom":""},"remove_map":"","contact_company_name":"","contact_company_phones":[],"contact_company_email":"","contact_textarea":"","contact_other_text_block":"","contact_other_locations_show":"","contact_other_locations_title":"","contact_other_locations_type":"","contact_other_locations":[],"contact_gmaps_zoom_control":"","contact_gmaps_map_type_control":"","contact_gmaps_scaleControl":"","contact_gmaps_streetViewControl":"","contact_gmaps_rotateControl":"","contact_gmaps_fullscreenControl":"","location_gmaps_zoom_control":"","location_gmaps_map_type_control":"","location_gmaps_scaleControl":"","location_gmaps_streetViewControl":"","location_gmaps_rotateControl":"","location_gmaps_fullscreenControl":"","menu_page_links_type":"","menu_page_links":[],"menu_page_links_bottom_content":"","external_links_type":"","external_links":[],"external_sublinks":[],"private_staff_information_blocks":[],"private_staff_links_title":"","private_staff_links":[],"legal_topic_menu":[],"sb_display_type":"","sb_people_block":[],"header_subtitle":"","header_image":[],"header_content":"","page_icon":[]},"_links":{"self":[{"href":"https:\/\/newsite.stepstojustice.ca\/fr\/wp-json\/wp\/v2\/pages\/1122594"}],"collection":[{"href":"https:\/\/newsite.stepstojustice.ca\/fr\/wp-json\/wp\/v2\/pages"}],"about":[{"href":"https:\/\/newsite.stepstojustice.ca\/fr\/wp-json\/wp\/v2\/types\/page"}],"author":[{"embeddable":true,"href":"https:\/\/newsite.stepstojustice.ca\/fr\/wp-json\/wp\/v2\/users\/3"}],"replies":[{"embeddable":true,"href":"https:\/\/newsite.stepstojustice.ca\/fr\/wp-json\/wp\/v2\/comments?post=1122594"}],"version-history":[{"count":4,"href":"https:\/\/newsite.stepstojustice.ca\/fr\/wp-json\/wp\/v2\/pages\/1122594\/revisions"}],"predecessor-version":[{"id":1197188,"href":"https:\/\/newsite.stepstojustice.ca\/fr\/wp-json\/wp\/v2\/pages\/1122594\/revisions\/1197188"}],"wp:attachment":[{"href":"https:\/\/newsite.stepstojustice.ca\/fr\/wp-json\/wp\/v2\/media?parent=1122594"}],"curies":[{"name":"wp","href":"https:\/\/api.w.org\/{rel}","templated":true}]}}