{"id":1122580,"date":"2020-04-09T17:16:25","date_gmt":"2020-04-09T21:16:25","guid":{"rendered":""},"modified":"2021-04-15T16:59:50","modified_gmt":"2021-04-15T20:59:50","slug":"parcours-guides-accueil","status":"publish","type":"page","link":"https:\/\/newsite.stepstojustice.ca\/fr\/parcours-guides-accueil\/","title":{"rendered":"Parcours guid\u00e9s"},"content":{"rendered":"","protected":false},"excerpt":{"rendered":"","protected":false},"author":3,"featured_media":0,"parent":0,"menu_order":0,"comment_status":"closed","ping_status":"closed","template":"template-pathways.php","meta":{"inline_featured_image":false},"yoast_head":"<!-- This site is optimized with the Yoast SEO plugin v19.14 - https:\/\/yoast.com\/wordpress\/plugins\/seo\/ -->\n<title>Parcours guid\u00e9s - Steps to justice<\/title>\n<meta name=\"robots\" content=\"noindex, follow, max-snippet:-1, max-image-preview:large, max-video-preview:-1\" \/>\n<meta property=\"og:locale\" content=\"fr_FR\" \/>\n<meta property=\"og:type\" content=\"article\" \/>\n<meta property=\"og:title\" content=\"Parcours guid\u00e9s - Steps to justice\" \/>\n<meta property=\"og:url\" content=\"https:\/\/newsite.stepstojustice.ca\/fr\/parcours-guides-accueil\/\" \/>\n<meta property=\"og:site_name\" content=\"Steps to justice\" \/>\n<meta property=\"article:modified_time\" content=\"2021-04-15T20:59:50+00:00\" \/>\n<meta name=\"twitter:card\" content=\"summary_large_image\" \/>\n<script type=\"application\/ld+json\" class=\"yoast-schema-graph\">{\"@context\":\"https:\/\/schema.org\",\"@graph\":[{\"@type\":\"WebPage\",\"@id\":\"https:\/\/newsite.stepstojustice.ca\/fr\/parcours-guides-accueil\/\",\"url\":\"https:\/\/newsite.stepstojustice.ca\/fr\/parcours-guides-accueil\/\",\"name\":\"Parcours guid\u00e9s - Steps to justice\",\"isPartOf\":{\"@id\":\"https:\/\/newsite.stepstojustice.ca\/fr\/#website\"},\"datePublished\":\"2020-04-09T21:16:25+00:00\",\"dateModified\":\"2021-04-15T20:59:50+00:00\",\"breadcrumb\":{\"@id\":\"https:\/\/newsite.stepstojustice.ca\/fr\/parcours-guides-accueil\/#breadcrumb\"},\"inLanguage\":\"fr-FR\",\"potentialAction\":[{\"@type\":\"ReadAction\",\"target\":[\"https:\/\/newsite.stepstojustice.ca\/fr\/parcours-guides-accueil\/\"]}]},{\"@type\":\"BreadcrumbList\",\"@id\":\"https:\/\/newsite.stepstojustice.ca\/fr\/parcours-guides-accueil\/#breadcrumb\",\"itemListElement\":[{\"@type\":\"ListItem\",\"position\":1,\"name\":\"Home\",\"item\":\"https:\/\/newsite.stepstojustice.ca\/fr\/\"},{\"@type\":\"ListItem\",\"position\":2,\"name\":\"Parcours guid\u00e9s\"}]},{\"@type\":\"WebSite\",\"@id\":\"https:\/\/newsite.stepstojustice.ca\/fr\/#website\",\"url\":\"https:\/\/newsite.stepstojustice.ca\/fr\/\",\"name\":\"Steps to justice\",\"description\":\"Step-by-step information about legal problems\",\"potentialAction\":[{\"@type\":\"SearchAction\",\"target\":{\"@type\":\"EntryPoint\",\"urlTemplate\":\"https:\/\/newsite.stepstojustice.ca\/fr\/?s={search_term_string}\"},\"query-input\":\"required name=search_term_string\"}],\"inLanguage\":\"fr-FR\"}]}<\/script>\n<!-- \/ Yoast SEO plugin. -->","yoast_head_json":{"title":"Parcours guid\u00e9s - Steps to justice","robots":{"index":"noindex","follow":"follow","max-snippet":"max-snippet:-1","max-image-preview":"max-image-preview:large","max-video-preview":"max-video-preview:-1"},"og_locale":"fr_FR","og_type":"article","og_title":"Parcours guid\u00e9s - Steps to justice","og_url":"https:\/\/newsite.stepstojustice.ca\/fr\/parcours-guides-accueil\/","og_site_name":"Steps to justice","article_modified_time":"2021-04-15T20:59:50+00:00","twitter_card":"summary_large_image","schema":{"@context":"https:\/\/schema.org","@graph":[{"@type":"WebPage","@id":"https:\/\/newsite.stepstojustice.ca\/fr\/parcours-guides-accueil\/","url":"https:\/\/newsite.stepstojustice.ca\/fr\/parcours-guides-accueil\/","name":"Parcours guid\u00e9s - Steps to justice","isPartOf":{"@id":"https:\/\/newsite.stepstojustice.ca\/fr\/#website"},"datePublished":"2020-04-09T21:16:25+00:00","dateModified":"2021-04-15T20:59:50+00:00","breadcrumb":{"@id":"https:\/\/newsite.stepstojustice.ca\/fr\/parcours-guides-accueil\/#breadcrumb"},"inLanguage":"fr-FR","potentialAction":[{"@type":"ReadAction","target":["https:\/\/newsite.stepstojustice.ca\/fr\/parcours-guides-accueil\/"]}]},{"@type":"BreadcrumbList","@id":"https:\/\/newsite.stepstojustice.ca\/fr\/parcours-guides-accueil\/#breadcrumb","itemListElement":[{"@type":"ListItem","position":1,"name":"Home","item":"https:\/\/newsite.stepstojustice.ca\/fr\/"},{"@type":"ListItem","position":2,"name":"Parcours guid\u00e9s"}]},{"@type":"WebSite","@id":"https:\/\/newsite.stepstojustice.ca\/fr\/#website","url":"https:\/\/newsite.stepstojustice.ca\/fr\/","name":"Steps to justice","description":"Step-by-step information about legal problems","potentialAction":[{"@type":"SearchAction","target":{"@type":"EntryPoint","urlTemplate":"https:\/\/newsite.stepstojustice.ca\/fr\/?s={search_term_string}"},"query-input":"required name=search_term_string"}],"inLanguage":"fr-FR"}]}},"meta_box":{"contact_shortcode":"","contact_address":"","contact_address_details":"","contact_map":{"latitude":"","longitude":"","zoom":""},"remove_map":"","contact_company_name":"","contact_company_phones":[],"contact_company_email":"","contact_textarea":"","contact_other_text_block":"","contact_other_locations_show":"","contact_other_locations_title":"","contact_other_locations_type":"","contact_other_locations":[],"contact_gmaps_zoom_control":"","contact_gmaps_map_type_control":"","contact_gmaps_scaleControl":"","contact_gmaps_streetViewControl":"","contact_gmaps_rotateControl":"","contact_gmaps_fullscreenControl":"","location_gmaps_zoom_control":"","location_gmaps_map_type_control":"","location_gmaps_scaleControl":"","location_gmaps_streetViewControl":"","location_gmaps_rotateControl":"","location_gmaps_fullscreenControl":"","menu_page_links_type":"","menu_page_links":[],"menu_page_links_bottom_content":"","external_links_type":"","external_links":[],"external_sublinks":[],"private_staff_information_blocks":[],"private_staff_links_title":"","private_staff_links":[],"legal_topic_menu":[],"sb_display_type":"","sb_people_block":[],"header_subtitle":"Remplir les formules judiciaires.","header_image":[{"width":150,"height":150,"file":"2021\/04\/guided-pathways-image3.png","sizes":{"medium":{"file":"guided-pathways-image3-300x160.png","width":300,"height":160,"mime-type":"image\/png","url":"https:\/\/newsite.stepstojustice.ca\/wp-content\/uploads\/2021\/04\/guided-pathways-image3-300x160.png"},"thumbnail":{"file":"guided-pathways-image3-150x150.png","width":150,"height":150,"mime-type":"image\/png","url":"https:\/\/newsite.stepstojustice.ca\/wp-content\/uploads\/2021\/04\/guided-pathways-image3-150x150.png"},"half-thumb":{"file":"guided-pathways-image3-100x53.png","width":100,"height":53,"mime-type":"image\/png","url":"https:\/\/newsite.stepstojustice.ca\/wp-content\/uploads\/2021\/04\/guided-pathways-image3-100x53.png"},"logotype":{"file":"guided-pathways-image3-112x60.png","width":112,"height":60,"mime-type":"image\/png","url":"https:\/\/newsite.stepstojustice.ca\/wp-content\/uploads\/2021\/04\/guided-pathways-image3-112x60.png"},"news-small":{"file":"guided-pathways-image3-465x300.png","width":465,"height":300,"mime-type":"image\/png","url":"https:\/\/newsite.stepstojustice.ca\/wp-content\/uploads\/2021\/04\/guided-pathways-image3-465x300.png"},"contact-big-block":{"file":"guided-pathways-image3-200x200.png","width":200,"height":200,"mime-type":"image\/png","url":"https:\/\/newsite.stepstojustice.ca\/wp-content\/uploads\/2021\/04\/guided-pathways-image3-200x200.png"},"target-audience":{"file":"guided-pathways-image3-550x360.png","width":550,"height":360,"mime-type":"image\/png","url":"https:\/\/newsite.stepstojustice.ca\/wp-content\/uploads\/2021\/04\/guided-pathways-image3-550x360.png"},"blog-image":{"file":"guided-pathways-image3-190x102.png","width":190,"height":102,"mime-type":"image\/png","url":"https:\/\/newsite.stepstojustice.ca\/wp-content\/uploads\/2021\/04\/guided-pathways-image3-190x102.png"},"events-list-image":{"file":"guided-pathways-image3-540x240.png","width":540,"height":240,"mime-type":"image\/png","url":"https:\/\/newsite.stepstojustice.ca\/wp-content\/uploads\/2021\/04\/guided-pathways-image3-540x240.png"},"ex-image":{"file":"guided-pathways-image3-318x170.png","width":318,"height":170,"mime-type":"image\/png","url":"https:\/\/newsite.stepstojustice.ca\/wp-content\/uploads\/2021\/04\/guided-pathways-image3-318x170.png"},"board-list":{"file":"guided-pathways-image3-311x166.png","width":311,"height":166,"mime-type":"image\/png","url":"https:\/\/newsite.stepstojustice.ca\/wp-content\/uploads\/2021\/04\/guided-pathways-image3-311x166.png"},"board-column":{"file":"guided-pathways-image3-670x358.png","width":670,"height":358,"mime-type":"image\/png","url":"https:\/\/newsite.stepstojustice.ca\/wp-content\/uploads\/2021\/04\/guided-pathways-image3-670x358.png"},"menu-page-link":{"file":"guided-pathways-image3-325x210.png","width":325,"height":210,"mime-type":"image\/png","url":"https:\/\/newsite.stepstojustice.ca\/wp-content\/uploads\/2021\/04\/guided-pathways-image3-325x210.png"},"footer-social-link-image":{"file":"guided-pathways-image3-30x16.png","width":30,"height":16,"mime-type":"image\/png","url":"https:\/\/newsite.stepstojustice.ca\/wp-content\/uploads\/2021\/04\/guided-pathways-image3-30x16.png"},"menu-24x24":{"file":"guided-pathways-image3-24x13.png","width":24,"height":13,"mime-type":"image\/png","url":"https:\/\/newsite.stepstojustice.ca\/wp-content\/uploads\/2021\/04\/guided-pathways-image3-24x13.png"},"menu-36x36":{"file":"guided-pathways-image3-36x19.png","width":36,"height":19,"mime-type":"image\/png","url":"https:\/\/newsite.stepstojustice.ca\/wp-content\/uploads\/2021\/04\/guided-pathways-image3-36x19.png"},"menu-48x48":{"file":"guided-pathways-image3-48x26.png","width":48,"height":26,"mime-type":"image\/png","url":"https:\/\/newsite.stepstojustice.ca\/wp-content\/uploads\/2021\/04\/guided-pathways-image3-48x26.png"}},"image_meta":{"aperture":"0","credit":"","camera":"","caption":"","created_timestamp":"0","copyright":"","focal_length":"0","iso":"0","shutter_speed":"0","title":"","orientation":"0","keywords":[]},"ID":"1132011","name":"guided-pathways-image3.png","path":"\/home\/news2jdev\/public_html\/wp-content\/uploads\/2021\/04\/guided-pathways-image3.png","url":"https:\/\/newsite.stepstojustice.ca\/wp-content\/uploads\/2021\/04\/guided-pathways-image3-150x150.png","full_url":"https:\/\/newsite.stepstojustice.ca\/wp-content\/uploads\/2021\/04\/guided-pathways-image3.png","title":"guided-pathways-image3","caption":"","description":"","alt":"","srcset":"https:\/\/newsite.stepstojustice.ca\/wp-content\/uploads\/2021\/04\/guided-pathways-image3-150x150.png 150w, https:\/\/newsite.stepstojustice.ca\/wp-content\/uploads\/2021\/04\/guided-pathways-image3-200x200.png 200w"}],"header_content":"<p class=\"text\">Vous pouvez utiliser les questionnaires gratuits en ligne de CLEO pour remplir des formulaires judiciaires, r\u00e9diger des lettres et identifier vos prochaines \u00e9tapes.<\/p>\n<p class=\"text\">Les Parcours guid\u00e9s vous posent des questions, puis inscrivent vos r\u00e9ponses dans les formulaires et les lettres requis. Lorsque vous avez termin\u00e9, vous pouvez enregistrer et imprimer vos documents.<\/p>\n","page_icon":[]},"_links":{"self":[{"href":"https:\/\/newsite.stepstojustice.ca\/fr\/wp-json\/wp\/v2\/pages\/1122580"}],"collection":[{"href":"https:\/\/newsite.stepstojustice.ca\/fr\/wp-json\/wp\/v2\/pages"}],"about":[{"href":"https:\/\/newsite.stepstojustice.ca\/fr\/wp-json\/wp\/v2\/types\/page"}],"author":[{"embeddable":true,"href":"https:\/\/newsite.stepstojustice.ca\/fr\/wp-json\/wp\/v2\/users\/3"}],"replies":[{"embeddable":true,"href":"https:\/\/newsite.stepstojustice.ca\/fr\/wp-json\/wp\/v2\/comments?post=1122580"}],"version-history":[{"count":1,"href":"https:\/\/newsite.stepstojustice.ca\/fr\/wp-json\/wp\/v2\/pages\/1122580\/revisions"}],"predecessor-version":[{"id":1190134,"href":"https:\/\/newsite.stepstojustice.ca\/fr\/wp-json\/wp\/v2\/pages\/1122580\/revisions\/1190134"}],"wp:attachment":[{"href":"https:\/\/newsite.stepstojustice.ca\/fr\/wp-json\/wp\/v2\/media?parent=1122580"}],"curies":[{"name":"wp","href":"https:\/\/api.w.org\/{rel}","templated":true}]}}